{"id":25,"date":"2019-11-15T11:51:59","date_gmt":"2019-11-15T10:51:59","guid":{"rendered":"http:\/\/horizonsportnature.com\/?page_id=25"},"modified":"2019-12-06T22:30:27","modified_gmt":"2019-12-06T21:30:27","slug":"accueil","status":"publish","type":"page","link":"https:\/\/horizonsportnature.com\/","title":{"rendered":"Accueil"},"content":{"rendered":"<p>[et_pb_section fb_built=\u00a0\u00bb1&Prime; admin_label=\u00a0\u00bbsection\u00a0\u00bb _builder_version=\u00a0\u00bb3.22&Prime;][et_pb_row _builder_version=\u00a0\u00bb4.0.7&Prime;][et_pb_column type=\u00a0\u00bb4_4&Prime; _builder_version=\u00a0\u00bb4.0.7&Prime;][et_pb_text _builder_version=\u00a0\u00bb4.0.7&Prime; text_font_size=\u00a0\u00bb16px\u00a0\u00bb border_width_bottom=\u00a0\u00bb1px\u00a0\u00bb]<\/p>\n<h1 style=\"text-align: left;\">GESTION DES EQUIPEMENTS ESCALADE<\/h1>\n<p>[\/et_pb_text][et_pb_text _builder_version=\u00a0\u00bb4.0.7&Prime; text_font_size=\u00a0\u00bb16px\u00a0\u00bb]<\/p>\n<p style=\"text-align: left;\">Des solutions innovantes pour la gestion, le contr\u00f4le et la maintenance de vos \u00e9quipements escalade, SAE et EPI.<\/p>\n<p>Nos prestations visent \u00e0 accompagner les propri\u00e8taires et gestionnaires d&rsquo;equipements escalade en leur apportant le meilleur niveau de s\u00e9curit\u00e9.<\/p>\n<p>[\/et_pb_text][\/et_pb_column][\/et_pb_row][et_pb_row column_structure=\u00a0\u00bb1_4,1_4,1_4,1_4&Prime; _builder_version=\u00a0\u00bb4.0.6&Prime;][et_pb_column type=\u00a0\u00bb1_4&Prime; _builder_version=\u00a0\u00bb4.0.6&Prime;][et_pb_image src=\u00a0\u00bbhttps:\/\/horizonsportnature.com\/wp-content\/uploads\/2019\/11\/chain-3481377_1920.jpg\u00a0\u00bb _builder_version=\u00a0\u00bb4.0.7&Prime; border_radii=\u00a0\u00bbon|10px|10px|10px|10px\u00a0\u00bb][\/et_pb_image][et_pb_text _builder_version=\u00a0\u00bb4.0.7&Prime; _dynamic_attributes=\u00a0\u00bblink_option_url\u00a0\u00bb custom_padding=\u00a0\u00bb10px||||false|false\u00a0\u00bb link_option_url=\u00a0\u00bb@ET-DC@eyJkeW5hbWljIjp0cnVlLCJjb250ZW50IjoicG9zdF9saW5rX3VybF9wYWdlIiwic2V0dGluZ3MiOnsicG9zdF9pZCI6IjQ4In19@\u00a0\u00bb hover_enabled=\u00a0\u00bb0&Prime; border_radii=\u00a0\u00bbon|10px|10px|10px|10px\u00a0\u00bb border_width_all=\u00a0\u00bb3px\u00a0\u00bb border_color_all=\u00a0\u00bb#007087&Prime;]<\/p>\n<h3 style=\"text-align: center;\">\u200bContr\u00f4le<\/h3>\n<h3 style=\"text-align: center;\">Maintenance<\/h3>\n<h3 style=\"text-align: center;\">SAE<\/h3>\n<p>[\/et_pb_text][\/et_pb_column][et_pb_column type=\u00a0\u00bb1_4&Prime; _builder_version=\u00a0\u00bb4.0.6&Prime;][et_pb_image src=\u00a0\u00bbhttps:\/\/horizonsportnature.com\/wp-content\/uploads\/2019\/11\/climbing-helmets-486644_1920-e1575017617942.jpg\u00a0\u00bb _builder_version=\u00a0\u00bb4.0.7&Prime; border_radii=\u00a0\u00bbon|10px|10px|10px|10px\u00a0\u00bb][\/et_pb_image][et_pb_text _builder_version=\u00a0\u00bb4.0.7&Prime; _dynamic_attributes=\u00a0\u00bblink_option_url\u00a0\u00bb custom_padding=\u00a0\u00bb10px||||false|false\u00a0\u00bb link_option_url=\u00a0\u00bb@ET-DC@eyJkeW5hbWljIjp0cnVlLCJjb250ZW50IjoicG9zdF9saW5rX3VybF9wYWdlIiwic2V0dGluZ3MiOnsicG9zdF9pZCI6IjE4MSJ9fQ==@\u00a0\u00bb hover_enabled=\u00a0\u00bb0&Prime; border_radii=\u00a0\u00bbon|10px|10px|10px|10px\u00a0\u00bb border_width_all=\u00a0\u00bb3px\u00a0\u00bb border_color_all=\u00a0\u00bb#007087&Prime;]<\/p>\n<h3 style=\"text-align: center;\">Contr\u00f4le<\/h3>\n<h3 style=\"text-align: center;\">Maintenance<\/h3>\n<h3 style=\"text-align: center;\">EPI<\/h3>\n<p>[\/et_pb_text][\/et_pb_column][et_pb_column type=\u00a0\u00bb1_4&Prime; _builder_version=\u00a0\u00bb4.0.6&Prime;][et_pb_image src=\u00a0\u00bbhttps:\/\/horizonsportnature.com\/wp-content\/uploads\/2019\/12\/degaine-baudrier.png\u00a0\u00bb _builder_version=\u00a0\u00bb4.0.7&Prime; border_radii=\u00a0\u00bbon|10px|10px|10px|10px\u00a0\u00bb][\/et_pb_image][et_pb_text _builder_version=\u00a0\u00bb4.0.7&Prime; _dynamic_attributes=\u00a0\u00bblink_option_url\u00a0\u00bb custom_padding=\u00a0\u00bb10px||||false|false\u00a0\u00bb link_option_url=\u00a0\u00bb@ET-DC@eyJkeW5hbWljIjp0cnVlLCJjb250ZW50IjoicG9zdF9saW5rX3VybF9wYWdlIiwic2V0dGluZ3MiOnsicG9zdF9pZCI6Ijc1In19@\u00a0\u00bb hover_enabled=\u00a0\u00bb0&Prime; border_radii=\u00a0\u00bbon|10px|10px|10px|10px\u00a0\u00bb border_width_all=\u00a0\u00bb3px\u00a0\u00bb border_color_all=\u00a0\u00bb#007087&Prime;]<\/p>\n<h3 style=\"text-align: center;\">Vente<\/h3>\n<h3 style=\"text-align: center;\">Mat\u00e9riel<\/h3>\n<h3 style=\"text-align: center;\">Escalade<\/h3>\n<p>[\/et_pb_text][\/et_pb_column][et_pb_column type=\u00a0\u00bb1_4&Prime; _builder_version=\u00a0\u00bb4.0.6&Prime;][et_pb_image src=\u00a0\u00bbhttps:\/\/horizonsportnature.com\/wp-content\/uploads\/2019\/11\/Chpt-france-Pau-2008-057-e1574249060794.jpg\u00a0\u00bb _builder_version=\u00a0\u00bb4.0.7&Prime; border_radii=\u00a0\u00bbon|10px|10px|10px|10px\u00a0\u00bb][\/et_pb_image][et_pb_text _builder_version=\u00a0\u00bb4.0.7&Prime; _dynamic_attributes=\u00a0\u00bblink_option_url\u00a0\u00bb custom_padding=\u00a0\u00bb||10px||false|false\u00a0\u00bb link_option_url=\u00a0\u00bb@ET-DC@eyJkeW5hbWljIjp0cnVlLCJjb250ZW50IjoicG9zdF9saW5rX3VybF9wYWdlIiwic2V0dGluZ3MiOnsicG9zdF9pZCI6IjE2NSJ9fQ==@\u00a0\u00bb hover_enabled=\u00a0\u00bb0&Prime; border_radii=\u00a0\u00bbon|10px|10px|10px|10px\u00a0\u00bb border_width_all=\u00a0\u00bb3px\u00a0\u00bb border_color_all=\u00a0\u00bb#007087&Prime;]<\/p>\n<p>&nbsp;<\/p>\n<h3 style=\"text-align: center;\">Formations<\/h3>\n<p>&nbsp;<\/p>\n<p>[\/et_pb_text][\/et_pb_column][\/et_pb_row][et_pb_row _builder_version=\u00a0\u00bb4.0.6&Prime; background_enable_color=\u00a0\u00bboff\u00a0\u00bb background_enable_image=\u00a0\u00bboff\u00a0\u00bb background_blend=\u00a0\u00bboverlay\u00a0\u00bb max_height=\u00a0\u00bb2000px\u00a0\u00bb][et_pb_column type=\u00a0\u00bb4_4&Prime; _builder_version=\u00a0\u00bb4.0.6&Prime;][et_pb_slider arrows_custom_color=\u00a0\u00bb#ffffff\u00a0\u00bb dot_nav_custom_color=\u00a0\u00bb#000000&Prime; _builder_version=\u00a0\u00bb4.0.7&Prime; header_text_align=\u00a0\u00bbcenter\u00a0\u00bb body_text_align=\u00a0\u00bbcenter\u00a0\u00bb background_color=\u00a0\u00bb#a5923e\u00a0\u00bb background_enable_image=\u00a0\u00bboff\u00a0\u00bb custom_button=\u00a0\u00bbon\u00a0\u00bb button_bg_color=\u00a0\u00bb#0c71c3&Prime; button_border_width=\u00a0\u00bb0px\u00a0\u00bb button_border_color=\u00a0\u00bbrgba(0,0,0,0)\u00a0\u00bb button_border_radius=\u00a0\u00bb10px\u00a0\u00bb button_alignment=\u00a0\u00bbcenter\u00a0\u00bb module_alignment=\u00a0\u00bbright\u00a0\u00bb content_max_width=\u00a0\u00bb100%\u00a0\u00bb max_height=\u00a0\u00bb1000px\u00a0\u00bb custom_margin=\u00a0\u00bb0px||0px||false|false\u00a0\u00bb custom_padding=\u00a0\u00bb|0px|0px|0px|false|false\u00a0\u00bb animation_style=\u00a0\u00bbzoom\u00a0\u00bb animation_direction=\u00a0\u00bbleft\u00a0\u00bb auto=\u00a0\u00bbon\u00a0\u00bb auto_speed=\u00a0\u00bb4000&Prime; hover_transition_duration=\u00a0\u00bb200ms\u00a0\u00bb hover_enabled=\u00a0\u00bb0&Prime;][et_pb_slide heading=\u00a0\u00bbContr\u00f4le et maintenance SAE\u00a0\u00bb button_text=\u00a0\u00bbEn savoir plus\u00a0\u00bb button_link=\u00a0\u00bb@ET-DC@eyJkeW5hbWljIjp0cnVlLCJjb250ZW50IjoicG9zdF9saW5rX3VybF9wYWdlIiwic2V0dGluZ3MiOnsicG9zdF9pZCI6IjQ4In19@\u00a0\u00bb image=\u00a0\u00bbhttps:\/\/horizonsportnature.com\/wp-content\/uploads\/2019\/11\/nacelle-\u00e0-droite-redim.png\u00a0\u00bb _builder_version=\u00a0\u00bb4.0.7&Prime; _dynamic_attributes=\u00a0\u00bbbutton_link\u00a0\u00bb header_font=\u00a0\u00bb|600|||||||\u00a0\u00bb header_font_size=\u00a0\u00bb30px\u00a0\u00bb body_line_height=\u00a0\u00bb0em\u00a0\u00bb background_enable_image=\u00a0\u00bboff\u00a0\u00bb background_blend=\u00a0\u00bboverlay\u00a0\u00bb custom_button=\u00a0\u00bbon\u00a0\u00bb button_font=\u00a0\u00bb||||||||\u00a0\u00bb width=\u00a0\u00bb100%\u00a0\u00bb max_width=\u00a0\u00bb100%\u00a0\u00bb custom_padding=\u00a0\u00bb30px||50px|0px|false|false\u00a0\u00bb]<\/p>\n<p>&nbsp;<\/p>\n<p>&nbsp;<\/p>\n<h3><strong>Contr\u00f4le<\/strong><\/h3>\n<h3><strong>Maintenance <\/strong><\/h3>\n<h3><strong>Ouverture<\/strong><\/h3>\n<p>&nbsp;<\/p>\n<p>[\/et_pb_slide][et_pb_slide heading=\u00a0\u00bbContr\u00f4le des EPI\u00a0\u00bb button_text=\u00a0\u00bbEn savoir plus\u00a0\u00bb button_link=\u00a0\u00bb@ET-DC@eyJkeW5hbWljIjp0cnVlLCJjb250ZW50IjoicG9zdF9saW5rX3VybF9wYWdlIiwic2V0dGluZ3MiOnsicG9zdF9pZCI6IjE4MSJ9fQ==@\u00a0\u00bb image=\u00a0\u00bbhttp:\/\/horizonsportnature.com\/wp-content\/uploads\/2019\/11\/climbing-helmets-486644_1920.jpg\u00a0\u00bb _builder_version=\u00a0\u00bb4.0.7&Prime; _dynamic_attributes=\u00a0\u00bbbutton_link\u00a0\u00bb header_font=\u00a0\u00bb|600|||||||\u00a0\u00bb header_font_size=\u00a0\u00bb30px\u00a0\u00bb body_line_height=\u00a0\u00bb0em\u00a0\u00bb background_enable_image=\u00a0\u00bboff\u00a0\u00bb background_blend=\u00a0\u00bboverlay\u00a0\u00bb custom_button=\u00a0\u00bbon\u00a0\u00bb button_font=\u00a0\u00bb||||||||\u00a0\u00bb width=\u00a0\u00bb100%\u00a0\u00bb max_width=\u00a0\u00bb100%\u00a0\u00bb custom_padding=\u00a0\u00bb30px||50px|0px|false|false\u00a0\u00bb]<\/p>\n<p>&nbsp;<\/p>\n<p>&nbsp;<\/p>\n<h3><strong>V\u00e9rification<\/strong><\/h3>\n<h3><strong>Suivi<\/strong><\/h3>\n<h3><strong>Recyclage<\/strong><\/h3>\n<h5>\u00a0<\/h5>\n<p>&nbsp;<\/p>\n<p>[\/et_pb_slide][et_pb_slide heading=\u00a0\u00bbVente de mat\u00e9riel\u00a0\u00bb button_text=\u00a0\u00bbEn savoir plus\u00a0\u00bb button_link=\u00a0\u00bb@ET-DC@eyJkeW5hbWljIjp0cnVlLCJjb250ZW50IjoicG9zdF9saW5rX3VybF9wYWdlIiwic2V0dGluZ3MiOnsicG9zdF9pZCI6Ijc1In19@\u00a0\u00bb image=\u00a0\u00bbhttps:\/\/horizonsportnature.com\/wp-content\/uploads\/2019\/12\/degaine-baudrier.png\u00a0\u00bb _builder_version=\u00a0\u00bb4.0.7&Prime; _dynamic_attributes=\u00a0\u00bbbutton_link\u00a0\u00bb header_font=\u00a0\u00bb|600|||||||\u00a0\u00bb header_font_size=\u00a0\u00bb30px\u00a0\u00bb body_line_height=\u00a0\u00bb0em\u00a0\u00bb background_enable_image=\u00a0\u00bboff\u00a0\u00bb background_blend=\u00a0\u00bboverlay\u00a0\u00bb custom_button=\u00a0\u00bbon\u00a0\u00bb button_font=\u00a0\u00bb||||||||\u00a0\u00bb width=\u00a0\u00bb100%\u00a0\u00bb max_width=\u00a0\u00bb100%\u00a0\u00bb custom_padding=\u00a0\u00bb30px||50px|0px|false|false\u00a0\u00bb]<\/p>\n<p>&nbsp;<\/p>\n<p>&nbsp;<\/p>\n<h3 style=\"text-align: center;\"><strong>Le conseil<\/strong><\/h3>\n<h3 style=\"text-align: center;\"><strong>Le Choix\u00a0<\/strong><\/h3>\n<h3 style=\"text-align: center;\"><strong>Les meilleurs rapports qualit\u00e9\/prix<\/strong><\/h3>\n<p>&nbsp;<\/p>\n<p>&nbsp;<\/p>\n<p>[\/et_pb_slide][et_pb_slide heading=\u00a0\u00bbFormations\u00a0\u00bb button_text=\u00a0\u00bbEn savoir plus\u00a0\u00bb button_link=\u00a0\u00bb@ET-DC@eyJkeW5hbWljIjp0cnVlLCJjb250ZW50IjoicG9zdF9saW5rX3VybF9wYWdlIiwic2V0dGluZ3MiOnsicG9zdF9pZCI6IjE2NSJ9fQ==@\u00a0\u00bb image=\u00a0\u00bbhttp:\/\/horizonsportnature.com\/wp-content\/uploads\/2019\/11\/chain-4049725_1920.jpg\u00a0\u00bb _builder_version=\u00a0\u00bb4.0.7&Prime; _dynamic_attributes=\u00a0\u00bbbutton_link\u00a0\u00bb header_font=\u00a0\u00bb|600|||||||\u00a0\u00bb header_font_size=\u00a0\u00bb30px\u00a0\u00bb body_line_height=\u00a0\u00bb0em\u00a0\u00bb background_enable_image=\u00a0\u00bboff\u00a0\u00bb background_blend=\u00a0\u00bboverlay\u00a0\u00bb custom_button=\u00a0\u00bbon\u00a0\u00bb button_font=\u00a0\u00bb||||||||\u00a0\u00bb width=\u00a0\u00bb100%\u00a0\u00bb max_width=\u00a0\u00bb100%\u00a0\u00bb custom_padding=\u00a0\u00bb30px||50px|0px|false|false\u00a0\u00bb]<\/p>\n<p>&nbsp;<\/p>\n<p>&nbsp;<\/p>\n<h3 style=\"text-align: center;\"><strong>S\u00e9curit\u00e9<\/strong><\/h3>\n<h3 style=\"text-align: center;\"><strong>Mat\u00e9riel<\/strong><\/h3>\n<h3 style=\"text-align: center;\"><strong>P\u00e9dagogie<\/strong><\/h3>\n<p>&nbsp;<\/p>\n<p>&nbsp;<\/p>\n<p>[\/et_pb_slide][\/et_pb_slider][\/et_pb_column][\/et_pb_row][et_pb_row admin_label=\u00a0\u00bbrow\u00a0\u00bb _builder_version=\u00a0\u00bb4.0.6&Prime; background_size=\u00a0\u00bbinitial\u00a0\u00bb background_position=\u00a0\u00bbtop_left\u00a0\u00bb background_repeat=\u00a0\u00bbrepeat\u00a0\u00bb][et_pb_column type=\u00a0\u00bb4_4&Prime; _builder_version=\u00a0\u00bb3.25&Prime; custom_padding=\u00a0\u00bb|||\u00a0\u00bb custom_padding__hover=\u00a0\u00bb|||\u00a0\u00bb][et_pb_text admin_label=\u00a0\u00bbTexte\u00a0\u00bb _builder_version=\u00a0\u00bb4.0.7&Prime; text_font_size=\u00a0\u00bb16px\u00a0\u00bb]<\/p>\n<h3 style=\"text-align: center;\"><em><strong>Une \u00e9quipe d&rsquo;experts passionn\u00e9s \u00e0 votre service.<\/strong><\/em><\/h3>\n<p>&nbsp;<\/p>\n<p style=\"text-align: center;\"><strong>Nos engagements :<\/strong><\/p>\n<p style=\"text-align: center;\">Accompagner et s\u00e9curiser les gestionnaires d\u2019\u00e9quipements escalade.<\/p>\n<p style=\"text-align: center;\">Garantir la fonctionnalit\u00e9, l&rsquo;attractivit\u00e9 et la s\u00e9curit\u00e9 des \u00e9quipements.<\/p>\n<p style=\"text-align: center;\">Cr\u00e9er des conditions de travail optimales pour les \u00e9quipes p\u00e9dagogiques.<\/p>\n<p style=\"text-align: center;\">Assurer le recyclage des mat\u00e9riels obsol\u00e8tes.<\/p>\n<p>[\/et_pb_text][\/et_pb_column][\/et_pb_row][\/et_pb_section]<\/p>\n","protected":false},"excerpt":{"rendered":"<p>GESTION DES EQUIPEMENTS ESCALADEDes solutions innovantes pour la gestion, le contr\u00f4le et la maintenance de vos \u00e9quipements escalade, SAE et EPI. Nos prestations visent \u00e0 accompagner les propri\u00e8taires et gestionnaires d&rsquo;equipements escalade en leur apportant le meilleur niveau de s\u00e9curit\u00e9.\u200bContr\u00f4le Maintenance SAEContr\u00f4le Maintenance EPIVente Mat\u00e9riel Escalade&nbsp; Formations &nbsp;&nbsp; &nbsp; Contr\u00f4le Maintenance Ouverture &nbsp;&nbsp; &nbsp; V\u00e9rification [&hellip;]<\/p>\n","protected":false},"author":1,"featured_media":0,"parent":0,"menu_order":0,"comment_status":"closed","ping_status":"closed","template":"","meta":{"_et_pb_use_builder":"on","_et_pb_old_content":"","_et_gb_content_width":"","footnotes":""},"class_list":["post-25","page","type-page","status-publish","hentry"],"yoast_head":"<!-- This site is optimized with the Yoast SEO plugin v17.2 - https:\/\/yoast.com\/wordpress\/plugins\/seo\/ -->\n<title>EXPERT ESCALADE - Contr\u00f4le et maintenance - SAE et EPI<\/title>\n<meta name=\"description\" content=\"Contr\u00f4le et maintenance des structures artificielles d&#039;escalade SAE - Contr\u00f4le des EPI - Vente de mat\u00e9riel d&#039;escalade - Formation.\" \/>\n<meta name=\"robots\" content=\"index, follow, max-snippet:-1, max-image-preview:large, max-video-preview:-1\" \/>\n<link rel=\"canonical\" href=\"https:\/\/horizonsportnature.com\/\" \/>\n<meta property=\"og:locale\" content=\"fr_FR\" \/>\n<meta property=\"og:type\" content=\"article\" \/>\n<meta property=\"og:title\" content=\"EXPERT ESCALADE - Contr\u00f4le et maintenance - SAE et EPI\" \/>\n<meta property=\"og:description\" content=\"Contr\u00f4le et maintenance des structures artificielles d&#039;escalade SAE - Contr\u00f4le des EPI - Vente de mat\u00e9riel d&#039;escalade - Formation.\" \/>\n<meta property=\"og:url\" content=\"https:\/\/horizonsportnature.com\/\" \/>\n<meta property=\"og:site_name\" content=\"HORIZON SPORT NATURE\" \/>\n<meta property=\"article:modified_time\" content=\"2019-12-06T21:30:27+00:00\" \/>\n<meta name=\"twitter:card\" content=\"summary_large_image\" \/>\n<meta name=\"twitter:label1\" content=\"Dur\u00e9e de lecture est.\" \/>\n\t<meta name=\"twitter:data1\" content=\"5 minutes\" \/>\n<script type=\"application\/ld+json\" class=\"yoast-schema-graph\">{\"@context\":\"https:\/\/schema.org\",\"@graph\":[{\"@type\":\"WebSite\",\"@id\":\"https:\/\/horizonsportnature.com\/#website\",\"url\":\"https:\/\/horizonsportnature.com\/\",\"name\":\"HORIZON SPORT NATURE\",\"description\":\"\",\"potentialAction\":[{\"@type\":\"SearchAction\",\"target\":{\"@type\":\"EntryPoint\",\"urlTemplate\":\"https:\/\/horizonsportnature.com\/?s={search_term_string}\"},\"query-input\":\"required name=search_term_string\"}],\"inLanguage\":\"fr-FR\"},{\"@type\":\"WebPage\",\"@id\":\"https:\/\/horizonsportnature.com\/#webpage\",\"url\":\"https:\/\/horizonsportnature.com\/\",\"name\":\"EXPERT ESCALADE - Contr\\u00f4le et maintenance - SAE et EPI\",\"isPartOf\":{\"@id\":\"https:\/\/horizonsportnature.com\/#website\"},\"datePublished\":\"2019-11-15T10:51:59+00:00\",\"dateModified\":\"2019-12-06T21:30:27+00:00\",\"description\":\"Contr\\u00f4le et maintenance des structures artificielles d'escalade SAE - Contr\\u00f4le des EPI - Vente de mat\\u00e9riel d'escalade - Formation.\",\"breadcrumb\":{\"@id\":\"https:\/\/horizonsportnature.com\/#breadcrumb\"},\"inLanguage\":\"fr-FR\",\"potentialAction\":[{\"@type\":\"ReadAction\",\"target\":[\"https:\/\/horizonsportnature.com\/\"]}]},{\"@type\":\"BreadcrumbList\",\"@id\":\"https:\/\/horizonsportnature.com\/#breadcrumb\",\"itemListElement\":[{\"@type\":\"ListItem\",\"position\":1,\"name\":\"Accueil\",\"item\":\"https:\/\/horizonsportnature.com\/\"},{\"@type\":\"ListItem\",\"position\":2,\"name\":\"Accueil\"}]}]}<\/script>\n<!-- \/ Yoast SEO plugin. -->","yoast_head_json":{"title":"EXPERT ESCALADE - Contr\u00f4le et maintenance - SAE et EPI","description":"Contr\u00f4le et maintenance des structures artificielles d'escalade SAE - Contr\u00f4le des EPI - Vente de mat\u00e9riel d'escalade - Formation.","robots":{"index":"index","follow":"follow","max-snippet":"max-snippet:-1","max-image-preview":"max-image-preview:large","max-video-preview":"max-video-preview:-1"},"canonical":"https:\/\/horizonsportnature.com\/","og_locale":"fr_FR","og_type":"article","og_title":"EXPERT ESCALADE - Contr\u00f4le et maintenance - SAE et EPI","og_description":"Contr\u00f4le et maintenance des structures artificielles d'escalade SAE - Contr\u00f4le des EPI - Vente de mat\u00e9riel d'escalade - Formation.","og_url":"https:\/\/horizonsportnature.com\/","og_site_name":"HORIZON SPORT NATURE","article_modified_time":"2019-12-06T21:30:27+00:00","twitter_card":"summary_large_image","twitter_misc":{"Dur\u00e9e de lecture est.":"5 minutes"},"schema":{"@context":"https:\/\/schema.org","@graph":[{"@type":"WebSite","@id":"https:\/\/horizonsportnature.com\/#website","url":"https:\/\/horizonsportnature.com\/","name":"HORIZON SPORT NATURE","description":"","potentialAction":[{"@type":"SearchAction","target":{"@type":"EntryPoint","urlTemplate":"https:\/\/horizonsportnature.com\/?s={search_term_string}"},"query-input":"required name=search_term_string"}],"inLanguage":"fr-FR"},{"@type":"WebPage","@id":"https:\/\/horizonsportnature.com\/#webpage","url":"https:\/\/horizonsportnature.com\/","name":"EXPERT ESCALADE - Contr\u00f4le et maintenance - SAE et EPI","isPartOf":{"@id":"https:\/\/horizonsportnature.com\/#website"},"datePublished":"2019-11-15T10:51:59+00:00","dateModified":"2019-12-06T21:30:27+00:00","description":"Contr\u00f4le et maintenance des structures artificielles d'escalade SAE - Contr\u00f4le des EPI - Vente de mat\u00e9riel d'escalade - Formation.","breadcrumb":{"@id":"https:\/\/horizonsportnature.com\/#breadcrumb"},"inLanguage":"fr-FR","potentialAction":[{"@type":"ReadAction","target":["https:\/\/horizonsportnature.com\/"]}]},{"@type":"BreadcrumbList","@id":"https:\/\/horizonsportnature.com\/#breadcrumb","itemListElement":[{"@type":"ListItem","position":1,"name":"Accueil","item":"https:\/\/horizonsportnature.com\/"},{"@type":"ListItem","position":2,"name":"Accueil"}]}]}},"_links":{"self":[{"href":"https:\/\/horizonsportnature.com\/index.php\/wp-json\/wp\/v2\/pages\/25","targetHints":{"allow":["GET"]}}],"collection":[{"href":"https:\/\/horizonsportnature.com\/index.php\/wp-json\/wp\/v2\/pages"}],"about":[{"href":"https:\/\/horizonsportnature.com\/index.php\/wp-json\/wp\/v2\/types\/page"}],"author":[{"embeddable":true,"href":"https:\/\/horizonsportnature.com\/index.php\/wp-json\/wp\/v2\/users\/1"}],"replies":[{"embeddable":true,"href":"https:\/\/horizonsportnature.com\/index.php\/wp-json\/wp\/v2\/comments?post=25"}],"version-history":[{"count":122,"href":"https:\/\/horizonsportnature.com\/index.php\/wp-json\/wp\/v2\/pages\/25\/revisions"}],"predecessor-version":[{"id":702,"href":"https:\/\/horizonsportnature.com\/index.php\/wp-json\/wp\/v2\/pages\/25\/revisions\/702"}],"wp:attachment":[{"href":"https:\/\/horizonsportnature.com\/index.php\/wp-json\/wp\/v2\/media?parent=25"}],"curies":[{"name":"wp","href":"https:\/\/api.w.org\/{rel}","templated":true}]}}