{"id":175,"date":"2019-11-20T15:09:24","date_gmt":"2019-11-20T14:09:24","guid":{"rendered":"http:\/\/horizonsportnature.com\/?page_id=175"},"modified":"2019-12-06T11:49:08","modified_gmt":"2019-12-06T10:49:08","slug":"les-normes-applicables","status":"publish","type":"page","link":"https:\/\/horizonsportnature.com\/index.php\/les-normes-applicables\/","title":{"rendered":"Les normes applicables"},"content":{"rendered":"<p>[et_pb_section fb_built=\u00a0\u00bb1&Prime; _builder_version=\u00a0\u00bb4.0.7&Prime;][et_pb_row _builder_version=\u00a0\u00bb4.0.7&Prime;][et_pb_column type=\u00a0\u00bb4_4&Prime; _builder_version=\u00a0\u00bb4.0.7&Prime;][et_pb_text _builder_version=\u00a0\u00bb4.0.7&Prime; border_width_bottom=\u00a0\u00bb1px\u00a0\u00bb]<\/p>\n<h1>Les normes applicables<\/h1>\n<p>[\/et_pb_text][et_pb_text _builder_version=\u00a0\u00bb4.0.7&Prime;]<\/p>\n<p><strong>NF EN 13306<\/strong> Terminologie de la maintenance<\/p>\n<p><strong>FD X60-000<\/strong> Maintenance industrielle &#8211; Fonction maintenance<\/p>\n<p><strong>NF EN ISO 17020<\/strong> Crit\u00e8res g\u00e9n\u00e9raux pour le fonctionnement des diff\u00e9rents types d&rsquo;organismes proc\u00e9dant \u00e0 l&rsquo;inspection.<\/p>\n<p><strong>NF EN 12572<\/strong> Structures artificielles d&rsquo;escalade. Points d&rsquo;assurage, exigences de stabilit\u00e9 et m\u00e9thodes d&rsquo;essai.<\/p>\n<p><strong>NF P 90-312<\/strong> Mat\u00e9riels de r\u00e9ception pour SAE avec points d&rsquo;assurage. Exigences\u00a0 de s\u00e9curit\u00e9 et m\u00e9thodes d&rsquo;essai.<\/p>\n<p><strong>XP P 90-311<\/strong> Mat\u00e9riels de r\u00e9ception pour pans d&rsquo;escalade. Exigences de s\u00e9curit\u00e9 et m\u00e9thodes d&rsquo;essai.<\/p>\n<p><strong>XP S 72-701<\/strong> Mise \u00e0 disposition d&rsquo;EPI et mat\u00e9riels de s\u00e9curit\u00e9 pour activit\u00e9s physiques et sportives, \u00e9ducatives et de loisirs d\u00e9di\u00e9s \u00e0 la pratique de l&rsquo;escalade, de l&rsquo;alpinisme, la sp\u00e9l\u00e9ologie et activit\u00e9s utilisant des techniques et \u00e9quipements similaires. Modalit\u00e9s de contr\u00f4le et de suivi des EPI et \u00e9quipements similaires.<\/p>\n<p><strong>Cahiers Techniques FFME<\/strong> Les SAE et caract\u00e9ristiques techniques et dimensions des epaces d\u00e9di\u00e9s.<\/p>\n<p>&nbsp;<\/p>\n<p>[\/et_pb_text][\/et_pb_column][\/et_pb_row][\/et_pb_section]<\/p>\n","protected":false},"excerpt":{"rendered":"<p>Les normes applicablesNF EN 13306 Terminologie de la maintenance FD X60-000 Maintenance industrielle &#8211; Fonction maintenance NF EN ISO 17020 Crit\u00e8res g\u00e9n\u00e9raux pour le fonctionnement des diff\u00e9rents types d&rsquo;organismes proc\u00e9dant \u00e0 l&rsquo;inspection. NF EN 12572 Structures artificielles d&rsquo;escalade. Points d&rsquo;assurage, exigences de stabilit\u00e9 et m\u00e9thodes d&rsquo;essai. NF P 90-312 Mat\u00e9riels de r\u00e9ception pour SAE avec [&hellip;]<\/p>\n","protected":false},"author":1,"featured_media":0,"parent":0,"menu_order":0,"comment_status":"closed","ping_status":"closed","template":"","meta":{"_et_pb_use_builder":"on","_et_pb_old_content":"","_et_gb_content_width":"","footnotes":""},"class_list":["post-175","page","type-page","status-publish","hentry"],"yoast_head":"<!-- This site is optimized with the Yoast SEO plugin v17.2 - https:\/\/yoast.com\/wordpress\/plugins\/seo\/ -->\n<title>Les normes applicables - HORIZON SPORT NATURE<\/title>\n<meta name=\"description\" content=\"Les normes applicables \u00e0 la gestion des mat\u00e9riels d&#039;escalade. Contr\u00f4le et maintenance SAE. Gestion des EPI. Vente de mat\u00e9riels et formations.\" \/>\n<meta name=\"robots\" content=\"index, follow, max-snippet:-1, max-image-preview:large, max-video-preview:-1\" \/>\n<link rel=\"canonical\" href=\"https:\/\/horizonsportnature.com\/index.php\/les-normes-applicables\/\" \/>\n<meta property=\"og:locale\" content=\"fr_FR\" \/>\n<meta property=\"og:type\" content=\"article\" \/>\n<meta property=\"og:title\" content=\"Les normes applicables - HORIZON SPORT NATURE\" \/>\n<meta property=\"og:description\" content=\"Les normes applicables \u00e0 la gestion des mat\u00e9riels d&#039;escalade. Contr\u00f4le et maintenance SAE. Gestion des EPI. Vente de mat\u00e9riels et formations.\" \/>\n<meta property=\"og:url\" content=\"https:\/\/horizonsportnature.com\/index.php\/les-normes-applicables\/\" \/>\n<meta property=\"og:site_name\" content=\"HORIZON SPORT NATURE\" \/>\n<meta property=\"article:modified_time\" content=\"2019-12-06T10:49:08+00:00\" \/>\n<meta name=\"twitter:card\" content=\"summary_large_image\" \/>\n<meta name=\"twitter:label1\" content=\"Dur\u00e9e de lecture est.\" \/>\n\t<meta name=\"twitter:data1\" content=\"1 minute\" \/>\n<script type=\"application\/ld+json\" class=\"yoast-schema-graph\">{\"@context\":\"https:\/\/schema.org\",\"@graph\":[{\"@type\":\"WebSite\",\"@id\":\"https:\/\/horizonsportnature.com\/#website\",\"url\":\"https:\/\/horizonsportnature.com\/\",\"name\":\"HORIZON SPORT NATURE\",\"description\":\"\",\"potentialAction\":[{\"@type\":\"SearchAction\",\"target\":{\"@type\":\"EntryPoint\",\"urlTemplate\":\"https:\/\/horizonsportnature.com\/?s={search_term_string}\"},\"query-input\":\"required name=search_term_string\"}],\"inLanguage\":\"fr-FR\"},{\"@type\":\"WebPage\",\"@id\":\"https:\/\/horizonsportnature.com\/index.php\/les-normes-applicables\/#webpage\",\"url\":\"https:\/\/horizonsportnature.com\/index.php\/les-normes-applicables\/\",\"name\":\"Les normes applicables - HORIZON SPORT NATURE\",\"isPartOf\":{\"@id\":\"https:\/\/horizonsportnature.com\/#website\"},\"datePublished\":\"2019-11-20T14:09:24+00:00\",\"dateModified\":\"2019-12-06T10:49:08+00:00\",\"description\":\"Les normes applicables \\u00e0 la gestion des mat\\u00e9riels d'escalade. Contr\\u00f4le et maintenance SAE. Gestion des EPI. Vente de mat\\u00e9riels et formations.\",\"breadcrumb\":{\"@id\":\"https:\/\/horizonsportnature.com\/index.php\/les-normes-applicables\/#breadcrumb\"},\"inLanguage\":\"fr-FR\",\"potentialAction\":[{\"@type\":\"ReadAction\",\"target\":[\"https:\/\/horizonsportnature.com\/index.php\/les-normes-applicables\/\"]}]},{\"@type\":\"BreadcrumbList\",\"@id\":\"https:\/\/horizonsportnature.com\/index.php\/les-normes-applicables\/#breadcrumb\",\"itemListElement\":[{\"@type\":\"ListItem\",\"position\":1,\"name\":\"Accueil\",\"item\":\"https:\/\/horizonsportnature.com\/\"},{\"@type\":\"ListItem\",\"position\":2,\"name\":\"Les normes applicables\"}]}]}<\/script>\n<!-- \/ Yoast SEO plugin. -->","yoast_head_json":{"title":"Les normes applicables - HORIZON SPORT NATURE","description":"Les normes applicables \u00e0 la gestion des mat\u00e9riels d'escalade. Contr\u00f4le et maintenance SAE. Gestion des EPI. Vente de mat\u00e9riels et formations.","robots":{"index":"index","follow":"follow","max-snippet":"max-snippet:-1","max-image-preview":"max-image-preview:large","max-video-preview":"max-video-preview:-1"},"canonical":"https:\/\/horizonsportnature.com\/index.php\/les-normes-applicables\/","og_locale":"fr_FR","og_type":"article","og_title":"Les normes applicables - HORIZON SPORT NATURE","og_description":"Les normes applicables \u00e0 la gestion des mat\u00e9riels d'escalade. Contr\u00f4le et maintenance SAE. Gestion des EPI. Vente de mat\u00e9riels et formations.","og_url":"https:\/\/horizonsportnature.com\/index.php\/les-normes-applicables\/","og_site_name":"HORIZON SPORT NATURE","article_modified_time":"2019-12-06T10:49:08+00:00","twitter_card":"summary_large_image","twitter_misc":{"Dur\u00e9e de lecture est.":"1 minute"},"schema":{"@context":"https:\/\/schema.org","@graph":[{"@type":"WebSite","@id":"https:\/\/horizonsportnature.com\/#website","url":"https:\/\/horizonsportnature.com\/","name":"HORIZON SPORT NATURE","description":"","potentialAction":[{"@type":"SearchAction","target":{"@type":"EntryPoint","urlTemplate":"https:\/\/horizonsportnature.com\/?s={search_term_string}"},"query-input":"required name=search_term_string"}],"inLanguage":"fr-FR"},{"@type":"WebPage","@id":"https:\/\/horizonsportnature.com\/index.php\/les-normes-applicables\/#webpage","url":"https:\/\/horizonsportnature.com\/index.php\/les-normes-applicables\/","name":"Les normes applicables - HORIZON SPORT NATURE","isPartOf":{"@id":"https:\/\/horizonsportnature.com\/#website"},"datePublished":"2019-11-20T14:09:24+00:00","dateModified":"2019-12-06T10:49:08+00:00","description":"Les normes applicables \u00e0 la gestion des mat\u00e9riels d'escalade. Contr\u00f4le et maintenance SAE. Gestion des EPI. Vente de mat\u00e9riels et formations.","breadcrumb":{"@id":"https:\/\/horizonsportnature.com\/index.php\/les-normes-applicables\/#breadcrumb"},"inLanguage":"fr-FR","potentialAction":[{"@type":"ReadAction","target":["https:\/\/horizonsportnature.com\/index.php\/les-normes-applicables\/"]}]},{"@type":"BreadcrumbList","@id":"https:\/\/horizonsportnature.com\/index.php\/les-normes-applicables\/#breadcrumb","itemListElement":[{"@type":"ListItem","position":1,"name":"Accueil","item":"https:\/\/horizonsportnature.com\/"},{"@type":"ListItem","position":2,"name":"Les normes applicables"}]}]}},"_links":{"self":[{"href":"https:\/\/horizonsportnature.com\/index.php\/wp-json\/wp\/v2\/pages\/175","targetHints":{"allow":["GET"]}}],"collection":[{"href":"https:\/\/horizonsportnature.com\/index.php\/wp-json\/wp\/v2\/pages"}],"about":[{"href":"https:\/\/horizonsportnature.com\/index.php\/wp-json\/wp\/v2\/types\/page"}],"author":[{"embeddable":true,"href":"https:\/\/horizonsportnature.com\/index.php\/wp-json\/wp\/v2\/users\/1"}],"replies":[{"embeddable":true,"href":"https:\/\/horizonsportnature.com\/index.php\/wp-json\/wp\/v2\/comments?post=175"}],"version-history":[{"count":4,"href":"https:\/\/horizonsportnature.com\/index.php\/wp-json\/wp\/v2\/pages\/175\/revisions"}],"predecessor-version":[{"id":649,"href":"https:\/\/horizonsportnature.com\/index.php\/wp-json\/wp\/v2\/pages\/175\/revisions\/649"}],"wp:attachment":[{"href":"https:\/\/horizonsportnature.com\/index.php\/wp-json\/wp\/v2\/media?parent=175"}],"curies":[{"name":"wp","href":"https:\/\/api.w.org\/{rel}","templated":true}]}}